{"id":552,"date":"2023-06-27T10:47:06","date_gmt":"2023-06-27T10:47:06","guid":{"rendered":"https:\/\/fr.colaw.uobaghdad.edu.iq\/?page_id=552"},"modified":"2026-02-12T09:07:36","modified_gmt":"2026-02-12T09:07:36","slug":"undergraduate-studies-fra","status":"publish","type":"page","link":"https:\/\/fr.colaw.uobaghdad.edu.iq\/?page_id=552","title":{"rendered":"\u00c9tudes initiales"},"content":{"rendered":"<div class=\"wpb-content-wrapper\"><p>[vc_row full_width=&#8221;stretch_row_content&#8221; gap=&#8221;3&#8243; rtl_reverse=&#8221;yes&#8221; css=&#8221;.vc_custom_1674019148084{background-color: #ffffff !important;}&#8221;][vc_column width=&#8221;1\/3&#8243;]<div id=\"cz_101463\" class=\"cz_101463 services clr style1 cz_sbi_fx_0 services_b\"><div class=\"service_custom\"><i class=\"far fa-address-book\"><\/i><\/div><div class=\"service_text\"><h3>Instructions pour les affaires \u00e9tudiantes<\/h3><div class=\"cz_wpe_content\"><\/div><a href=\"https:\/\/en.colaw.uobaghdad.edu.iq\/?page_id=716\" target=\"_blank\" title=\"Student Affairs Instructions\" aria-label=\"Student Affairs Instructions\" class=\"cz_btn xtra-service-btn-center\">Details<\/a><\/div><\/div><div class=\"cz_gap clr \" style=\"height: 10px\"><\/div>[\/vc_column][vc_column width=&#8221;1\/3&#8243;]<div id=\"cz_97881\" class=\"cz_97881 services clr style1 cz_sbi_fx_0 services_b\"><div class=\"service_custom\"><i class=\"fas fa-book\"><\/i><\/div><div class=\"service_text\"><h3>Description du programme acad\u00e9mique<\/h3><div class=\"cz_wpe_content\"><\/div><a href=\"https:\/\/en.colaw.uobaghdad.edu.iq\/?page_id=1906\" target=\"_blank\" title=\"Description of the courses\" aria-label=\"Description of the courses\" class=\"cz_btn xtra-service-btn-center\">Details<\/a><\/div><\/div><div class=\"cz_gap clr \" style=\"height: 10px\"><\/div>[\/vc_column][vc_column width=&#8221;1\/3&#8243;]<div id=\"cz_47802\" class=\"cz_47802 services clr style1 cz_sbi_fx_0 services_b\"><div class=\"service_custom\"><i class=\"fas fa-users\"><\/i><\/div><div class=\"service_text\"><h3>Conf\u00e9rences<\/h3><div class=\"cz_wpe_content\"><\/div><a href=\"https:\/\/www.youtube.com\/channel\/UCWAIpE1lR5YGIo6ELScGX_g\" target=\"_blank\" title=\"Lectures\" aria-label=\"Lectures\" class=\"cz_btn xtra-service-btn-center\">Details<\/a><\/div><\/div><div class=\"cz_gap clr \" style=\"height: 10px\"><\/div>[\/vc_column][\/vc_row][vc_row full_width=&#8221;stretch_row_content&#8221; rtl_reverse=&#8221;yes&#8221; css=&#8221;.vc_custom_1673959421280{background-color: #ffffff !important;}&#8221;][vc_column]<div class=\"cz_gap clr \" style=\"height: 50px\"><\/div>[\/vc_column][\/vc_row][vc_row full_width=&#8221;stretch_row_content&#8221; gap=&#8221;3&#8243; rtl_reverse=&#8221;yes&#8221; css=&#8221;.vc_custom_1674019148084{background-color: #ffffff !important;}&#8221;][vc_column width=&#8221;1\/3&#8243;]<div id=\"cz_19901\" class=\"cz_19901 services clr style1 cz_sbi_fx_0 services_b\"><div class=\"service_custom\"><i class=\"far fa-address-book\"><\/i><\/div><div class=\"service_text\"><h3>Syst\u00e8me d'admission au coll\u00e8ge<\/h3><div class=\"cz_wpe_content\"><\/div><a href=\"https:\/\/en.colaw.uobaghdad.edu.iq\/?page_id=718\" target=\"_blank\" title=\"College Admission System (Admission Entry)\" aria-label=\"College Admission System (Admission Entry)\" class=\"cz_btn xtra-service-btn-center\">Details<\/a><\/div><\/div><div class=\"cz_gap clr \" style=\"height: 10px\"><\/div>[\/vc_column][vc_column width=&#8221;1\/3&#8243;]<div id=\"cz_61062\" class=\"cz_61062 services clr style1 cz_sbi_fx_0 services_b\"><div class=\"service_custom\"><i class=\"fas fa-book\"><\/i><\/div><div class=\"service_text\"><h3>Calendrier acad\u00e9mique 2022-2023<\/h3><div class=\"cz_wpe_content\"><\/div><a href=\"https:\/\/en.uobaghdad.edu.iq\/?page_id=15026\" target=\"_blank\" title=\"Academic Calendar 2022-2023\" aria-label=\"Academic Calendar 2022-2023\" class=\"cz_btn xtra-service-btn-center\">Details<\/a><\/div><\/div><div class=\"cz_gap clr \" style=\"height: 10px\"><\/div>[\/vc_column][vc_column width=&#8221;1\/3&#8243;]<div id=\"cz_48339\" class=\"cz_48339 services clr style1 cz_sbi_fx_0 services_b\"><div class=\"service_custom\"><i class=\"fas fa-users\"><\/i><\/div><div class=\"service_text\"><h3>\u00c9tudier en Irak<\/h3><div class=\"cz_wpe_content\"><\/div><a href=\"https:\/\/fr.colaw.uobaghdad.edu.iq\/?page_id=513\" target=\"_blank\" title=\"\u00c9tudier en Irak\" aria-label=\"\u00c9tudier en Irak\" class=\"cz_btn xtra-service-btn-center\">Details<\/a><\/div><\/div><div class=\"cz_gap clr \" style=\"height: 10px\"><\/div>[\/vc_column][\/vc_row][vc_row full_width=&#8221;stretch_row_content&#8221; rtl_reverse=&#8221;yes&#8221; css=&#8221;.vc_custom_1673959421280{background-color: #ffffff !important;}&#8221;][vc_column]<div class=\"cz_gap clr \" style=\"height: 50px\"><\/div>[\/vc_column][\/vc_row][vc_row full_width=&#8221;stretch_row_content&#8221; gap=&#8221;3&#8243; rtl_reverse=&#8221;yes&#8221; css=&#8221;.vc_custom_1674019148084{background-color: #ffffff !important;}&#8221;][vc_column width=&#8221;1\/3&#8243;]<div id=\"cz_95295\" class=\"cz_95295 services clr style1 cz_sbi_fx_0 services_b\"><div class=\"service_custom\"><i class=\"far fa-address-book\"><\/i><\/div><div class=\"service_text\"><h3>\u00c9tudiants dipl\u00f4m\u00e9s<\/h3><div class=\"cz_wpe_content\"><\/div><a href=\"https:\/\/graduates.uobaghdad.edu.iq\/?grd_folder=142\" target=\"_blank\" title=\"Graduate Students\" aria-label=\"Graduate Students\" class=\"cz_btn xtra-service-btn-center\">Details<\/a><\/div><\/div><div class=\"cz_gap clr \" style=\"height: 10px\"><\/div>[\/vc_column][vc_column width=&#8221;1\/3&#8243;]<div id=\"cz_85035\" class=\"cz_85035 services clr style1 cz_sbi_fx_0 services_b\"><div class=\"service_custom\"><i class=\"fas fa-book\"><\/i><\/div><div class=\"service_text\"><h3>Les premiers \u00e9tudiants<\/h3><div class=\"cz_wpe_content\"><\/div><a href=\"https:\/\/colaw.uobaghdad.edu.iq\/?page_id=18340\" target=\"_blank\" title=\"The first students\" aria-label=\"The first students\" class=\"cz_btn xtra-service-btn-center\">Details<\/a><\/div><\/div><div class=\"cz_gap clr \" style=\"height: 10px\"><\/div>[\/vc_column][vc_column width=&#8221;1\/3&#8243;]<div id=\"cz_87506\" class=\"cz_87506 services clr style1 cz_sbi_fx_0 services_b\"><div class=\"service_custom\"><i class=\"fas fa-book\"><\/i><\/div><div class=\"service_text\"><h3>Sites Web \u00e9ducatifs<\/h3><div class=\"cz_wpe_content\"><\/div><a href=\"https:\/\/en.colaw.uobaghdad.edu.iq\/?page_id=1567\" target=\"_blank\" title=\"Educational Websites\" aria-label=\"Educational Websites\" class=\"cz_btn xtra-service-btn-center\">Details<\/a><\/div><\/div><div class=\"cz_gap clr \" style=\"height: 10px\"><\/div>[\/vc_column][\/vc_row]<\/p>\n<\/div>","protected":false},"excerpt":{"rendered":"<p>[vc_row full_width=&#8221;stretch_row_content&#8221; gap=&#8221;3&#8243; rtl_reverse=&#8221;yes&#8221; css=&#8221;.vc_custom_1674019148084{background-color: #ffffff !important;}&#8221;][vc_column width=&#8221;1\/3&#8243;][\/vc_column][vc_column width=&#8221;1\/3&#8243;][\/vc_column][vc_column width=&#8221;1\/3&#8243;][\/vc_column][\/vc_row][vc_row full_width=&#8221;stretch_row_content&#8221; &#8230; <\/p>\n","protected":false},"author":18,"featured_media":0,"parent":0,"menu_order":0,"comment_status":"closed","ping_status":"closed","template":"","meta":{"_lmt_disableupdate":"no","_lmt_disable":"","footnotes":""},"class_list":["post-552","page","type-page","status-publish","hentry"],"yoast_head":"<!-- This site is optimized with the Yoast SEO plugin v25.8 - https:\/\/yoast.com\/wordpress\/plugins\/seo\/ -->\n<title>\u00c9tudes initiales - Facult\u00e9 de droit<\/title>\n<meta name=\"robots\" content=\"index, follow, max-snippet:-1, max-image-preview:large, max-video-preview:-1\" \/>\n<link rel=\"canonical\" href=\"https:\/\/fr.colaw.uobaghdad.edu.iq\/?page_id=552\" \/>\n<meta property=\"og:locale\" content=\"en_US\" \/>\n<meta property=\"og:type\" content=\"article\" \/>\n<meta property=\"og:title\" content=\"\u00c9tudes initiales - Facult\u00e9 de droit\" \/>\n<meta property=\"og:description\" content=\"[vc_row full_width=&#8221;stretch_row_content&#8221; gap=&#8221;3&#8243; rtl_reverse=&#8221;yes&#8221; css=&#8221;.vc_custom_1674019148084{background-color: #ffffff !important;}&#8221;][vc_column width=&#8221;1\/3&#8243;][\/vc_column][vc_column width=&#8221;1\/3&#8243;][\/vc_column][vc_column width=&#8221;1\/3&#8243;][\/vc_column][\/vc_row][vc_row full_width=&#8221;stretch_row_content&#8221; ...\" \/>\n<meta property=\"og:url\" content=\"https:\/\/fr.colaw.uobaghdad.edu.iq\/?page_id=552\" \/>\n<meta property=\"og:site_name\" content=\"Facult\u00e9 de droit\" \/>\n<meta property=\"article:publisher\" content=\"https:\/\/www.facebook.com\/people\/---\/100076342836611\/\" \/>\n<meta property=\"article:modified_time\" content=\"2026-02-12T09:07:36+00:00\" \/>\n<meta name=\"twitter:card\" content=\"summary_large_image\" \/>\n<meta name=\"twitter:label1\" content=\"Est. reading time\" \/>\n\t<meta name=\"twitter:data1\" content=\"2 minutes\" \/>\n<script type=\"application\/ld+json\" class=\"yoast-schema-graph\">{\"@context\":\"https:\/\/schema.org\",\"@graph\":[{\"@type\":\"WebPage\",\"@id\":\"https:\/\/fr.colaw.uobaghdad.edu.iq\/?page_id=552\",\"url\":\"https:\/\/fr.colaw.uobaghdad.edu.iq\/?page_id=552\",\"name\":\"\u00c9tudes initiales - Facult\u00e9 de droit\",\"isPartOf\":{\"@id\":\"https:\/\/fr.colaw.uobaghdad.edu.iq\/#website\"},\"datePublished\":\"2023-06-27T10:47:06+00:00\",\"dateModified\":\"2026-02-12T09:07:36+00:00\",\"breadcrumb\":{\"@id\":\"https:\/\/fr.colaw.uobaghdad.edu.iq\/?page_id=552#breadcrumb\"},\"inLanguage\":\"en-US\",\"potentialAction\":[{\"@type\":\"ReadAction\",\"target\":[\"https:\/\/fr.colaw.uobaghdad.edu.iq\/?page_id=552\"]}]},{\"@type\":\"BreadcrumbList\",\"@id\":\"https:\/\/fr.colaw.uobaghdad.edu.iq\/?page_id=552#breadcrumb\",\"itemListElement\":[{\"@type\":\"ListItem\",\"position\":1,\"name\":\"Home\",\"item\":\"https:\/\/fr.colaw.uobaghdad.edu.iq\/\"},{\"@type\":\"ListItem\",\"position\":2,\"name\":\"\u00c9tudes initiales\"}]},{\"@type\":\"WebSite\",\"@id\":\"https:\/\/fr.colaw.uobaghdad.edu.iq\/#website\",\"url\":\"https:\/\/fr.colaw.uobaghdad.edu.iq\/\",\"name\":\"Facult\u00e9 de droit\",\"description\":\"Universit\u00e9 de Bagdad\",\"publisher\":{\"@id\":\"https:\/\/fr.colaw.uobaghdad.edu.iq\/#organization\"},\"potentialAction\":[{\"@type\":\"SearchAction\",\"target\":{\"@type\":\"EntryPoint\",\"urlTemplate\":\"https:\/\/fr.colaw.uobaghdad.edu.iq\/?s={search_term_string}\"},\"query-input\":{\"@type\":\"PropertyValueSpecification\",\"valueRequired\":true,\"valueName\":\"search_term_string\"}}],\"inLanguage\":\"en-US\"},{\"@type\":\"Organization\",\"@id\":\"https:\/\/fr.colaw.uobaghdad.edu.iq\/#organization\",\"name\":\"Facult\u00e9 de droit\",\"url\":\"https:\/\/fr.colaw.uobaghdad.edu.iq\/\",\"logo\":{\"@type\":\"ImageObject\",\"inLanguage\":\"en-US\",\"@id\":\"https:\/\/fr.colaw.uobaghdad.edu.iq\/#\/schema\/logo\/image\/\",\"url\":\"https:\/\/fr.colaw.uobaghdad.edu.iq\/wp-content\/uploads\/sites\/102\/2024\/05\/WhatsApp-Image-2022-06-10-at-9.png\",\"contentUrl\":\"https:\/\/fr.colaw.uobaghdad.edu.iq\/wp-content\/uploads\/sites\/102\/2024\/05\/WhatsApp-Image-2022-06-10-at-9.png\",\"width\":874,\"height\":874,\"caption\":\"Facult\u00e9 de droit\"},\"image\":{\"@id\":\"https:\/\/fr.colaw.uobaghdad.edu.iq\/#\/schema\/logo\/image\/\"},\"sameAs\":[\"https:\/\/www.facebook.com\/people\/---\/100076342836611\/\",\"https:\/\/www.instagram.com\/baghdadlaw1908\/\",\"https:\/\/www.youtube.com\/@user-zq8ok2ib8f\/featured\",\"https:\/\/www.linkedin.com\/company\/---\/\"]}]}<\/script>\n<!-- \/ Yoast SEO plugin. -->","yoast_head_json":{"title":"\u00c9tudes initiales - Facult\u00e9 de droit","robots":{"index":"index","follow":"follow","max-snippet":"max-snippet:-1","max-image-preview":"max-image-preview:large","max-video-preview":"max-video-preview:-1"},"canonical":"https:\/\/fr.colaw.uobaghdad.edu.iq\/?page_id=552","og_locale":"en_US","og_type":"article","og_title":"\u00c9tudes initiales - Facult\u00e9 de droit","og_description":"[vc_row full_width=&#8221;stretch_row_content&#8221; gap=&#8221;3&#8243; rtl_reverse=&#8221;yes&#8221; css=&#8221;.vc_custom_1674019148084{background-color: #ffffff !important;}&#8221;][vc_column width=&#8221;1\/3&#8243;][\/vc_column][vc_column width=&#8221;1\/3&#8243;][\/vc_column][vc_column width=&#8221;1\/3&#8243;][\/vc_column][\/vc_row][vc_row full_width=&#8221;stretch_row_content&#8221; ...","og_url":"https:\/\/fr.colaw.uobaghdad.edu.iq\/?page_id=552","og_site_name":"Facult\u00e9 de droit","article_publisher":"https:\/\/www.facebook.com\/people\/---\/100076342836611\/","article_modified_time":"2026-02-12T09:07:36+00:00","twitter_card":"summary_large_image","twitter_misc":{"Est. reading time":"2 minutes"},"schema":{"@context":"https:\/\/schema.org","@graph":[{"@type":"WebPage","@id":"https:\/\/fr.colaw.uobaghdad.edu.iq\/?page_id=552","url":"https:\/\/fr.colaw.uobaghdad.edu.iq\/?page_id=552","name":"\u00c9tudes initiales - Facult\u00e9 de droit","isPartOf":{"@id":"https:\/\/fr.colaw.uobaghdad.edu.iq\/#website"},"datePublished":"2023-06-27T10:47:06+00:00","dateModified":"2026-02-12T09:07:36+00:00","breadcrumb":{"@id":"https:\/\/fr.colaw.uobaghdad.edu.iq\/?page_id=552#breadcrumb"},"inLanguage":"en-US","potentialAction":[{"@type":"ReadAction","target":["https:\/\/fr.colaw.uobaghdad.edu.iq\/?page_id=552"]}]},{"@type":"BreadcrumbList","@id":"https:\/\/fr.colaw.uobaghdad.edu.iq\/?page_id=552#breadcrumb","itemListElement":[{"@type":"ListItem","position":1,"name":"Home","item":"https:\/\/fr.colaw.uobaghdad.edu.iq\/"},{"@type":"ListItem","position":2,"name":"\u00c9tudes initiales"}]},{"@type":"WebSite","@id":"https:\/\/fr.colaw.uobaghdad.edu.iq\/#website","url":"https:\/\/fr.colaw.uobaghdad.edu.iq\/","name":"Facult\u00e9 de droit","description":"Universit\u00e9 de Bagdad","publisher":{"@id":"https:\/\/fr.colaw.uobaghdad.edu.iq\/#organization"},"potentialAction":[{"@type":"SearchAction","target":{"@type":"EntryPoint","urlTemplate":"https:\/\/fr.colaw.uobaghdad.edu.iq\/?s={search_term_string}"},"query-input":{"@type":"PropertyValueSpecification","valueRequired":true,"valueName":"search_term_string"}}],"inLanguage":"en-US"},{"@type":"Organization","@id":"https:\/\/fr.colaw.uobaghdad.edu.iq\/#organization","name":"Facult\u00e9 de droit","url":"https:\/\/fr.colaw.uobaghdad.edu.iq\/","logo":{"@type":"ImageObject","inLanguage":"en-US","@id":"https:\/\/fr.colaw.uobaghdad.edu.iq\/#\/schema\/logo\/image\/","url":"https:\/\/fr.colaw.uobaghdad.edu.iq\/wp-content\/uploads\/sites\/102\/2024\/05\/WhatsApp-Image-2022-06-10-at-9.png","contentUrl":"https:\/\/fr.colaw.uobaghdad.edu.iq\/wp-content\/uploads\/sites\/102\/2024\/05\/WhatsApp-Image-2022-06-10-at-9.png","width":874,"height":874,"caption":"Facult\u00e9 de droit"},"image":{"@id":"https:\/\/fr.colaw.uobaghdad.edu.iq\/#\/schema\/logo\/image\/"},"sameAs":["https:\/\/www.facebook.com\/people\/---\/100076342836611\/","https:\/\/www.instagram.com\/baghdadlaw1908\/","https:\/\/www.youtube.com\/@user-zq8ok2ib8f\/featured","https:\/\/www.linkedin.com\/company\/---\/"]}]}},"_links":{"self":[{"href":"https:\/\/fr.colaw.uobaghdad.edu.iq\/index.php?rest_route=\/wp\/v2\/pages\/552","targetHints":{"allow":["GET"]}}],"collection":[{"href":"https:\/\/fr.colaw.uobaghdad.edu.iq\/index.php?rest_route=\/wp\/v2\/pages"}],"about":[{"href":"https:\/\/fr.colaw.uobaghdad.edu.iq\/index.php?rest_route=\/wp\/v2\/types\/page"}],"author":[{"embeddable":true,"href":"https:\/\/fr.colaw.uobaghdad.edu.iq\/index.php?rest_route=\/wp\/v2\/users\/18"}],"replies":[{"embeddable":true,"href":"https:\/\/fr.colaw.uobaghdad.edu.iq\/index.php?rest_route=%2Fwp%2Fv2%2Fcomments&post=552"}],"version-history":[{"count":2,"href":"https:\/\/fr.colaw.uobaghdad.edu.iq\/index.php?rest_route=\/wp\/v2\/pages\/552\/revisions"}],"predecessor-version":[{"id":5403,"href":"https:\/\/fr.colaw.uobaghdad.edu.iq\/index.php?rest_route=\/wp\/v2\/pages\/552\/revisions\/5403"}],"wp:attachment":[{"href":"https:\/\/fr.colaw.uobaghdad.edu.iq\/index.php?rest_route=%2Fwp%2Fv2%2Fmedia&parent=552"}],"curies":[{"name":"wp","href":"https:\/\/api.w.org\/{rel}","templated":true}]}}