{"id":370,"date":"2023-06-06T08:50:29","date_gmt":"2023-06-06T08:50:29","guid":{"rendered":"https:\/\/fr.colaw.uobaghdad.edu.iq\/?page_id=370"},"modified":"2026-02-12T09:08:53","modified_gmt":"2026-02-12T09:08:53","slug":"counter","status":"publish","type":"page","link":"https:\/\/fr.colaw.uobaghdad.edu.iq\/?page_id=370","title":{"rendered":"Notre Facult\u00e9 en chiffres"},"content":{"rendered":"<div class=\"wpb-content-wrapper\"><p>[vc_row rtl_reverse=&#8221;yes&#8221;][vc_column width=&#8221;1\/4&#8243;]<div id=\"cz_30908\" data-disable-comma=\"\" data-duration=\"2000\" data-delay=\"0000\" class=\"cz_30908 cz_counter clr tac cz_2rows\"><div class=\"\"><span class=\"cz_counter_num_wrap\"><span class=\"cz_counter_num\">74<\/span><\/span><span class=\"cz_counter_after\">\u0639\u062f\u062f \u0627\u0644\u062a\u062f\u0631\u064a\u0633\u064a\u064a\u0646<\/span><\/div><\/div><div class=\"cz_gap clr \" style=\"height: 30px\"><\/div>[\/vc_column][vc_column width=&#8221;1\/4&#8243;]<div id=\"cz_61249\" data-disable-comma=\"\" data-duration=\"2000\" data-delay=\"0000\" class=\"cz_61249 cz_counter clr tac cz_2rows\"><div class=\"\"><span class=\"cz_counter_num_wrap\"><span class=\"cz_counter_num\">852<\/span><\/span><span class=\"cz_counter_after\">\u0639\u062f\u062f \u0637\u0644\u0628\u0629 \u0627\u0644\u062f\u0631\u0627\u0633\u0627\u062a \u0627\u0644\u0627\u0648\u0644\u064a\u0629<\/span><\/div><\/div><div class=\"cz_gap clr \" style=\"height: 30px\"><\/div>[\/vc_column][vc_column width=&#8221;1\/4&#8243;]<div id=\"cz_45570\" data-disable-comma=\"\" data-duration=\"2000\" data-delay=\"0000\" class=\"cz_45570 cz_counter clr tac cz_2rows\"><div class=\"\"><span class=\"cz_counter_num_wrap\"><span class=\"cz_counter_num\">12<\/span><\/span><span class=\"cz_counter_after\">\u0646\u0633\u0628\u0629 \u0627\u0644\u062a\u062f\u0631\u064a\u0633\u064a\u064a\u0646 \u0627\u0644\u0649 \u0627\u0644\u0637\u0644\u0628\u0629<\/span><\/div><\/div><div class=\"cz_gap clr \" style=\"height: 30px\"><\/div>[\/vc_column][vc_column width=&#8221;1\/4&#8243;]<div id=\"cz_92950\" data-disable-comma=\"\" data-duration=\"2000\" data-delay=\"0000\" class=\"cz_92950 cz_counter clr tac cz_2rows\"><div class=\"\"><span class=\"cz_counter_num_wrap\"><span class=\"cz_counter_num\">34412<\/span><\/span><span class=\"cz_counter_after\">\u062e\u0631\u064a\u062c\u064a\u0646 \u0627\u0644\u062f\u0631\u0627\u0633\u0627\u062a \u0627\u0644\u0627\u0648\u0644\u064a\u0629<\/span><\/div><\/div><div class=\"cz_gap clr \" style=\"height: 30px\"><\/div>[\/vc_column][\/vc_row][vc_row rtl_reverse=&#8221;yes&#8221;][vc_column][vc_separator color=&#8221;black&#8221; border_width=&#8221;5&#8243;][\/vc_column][\/vc_row][vc_row rtl_reverse=&#8221;yes&#8221;][vc_column width=&#8221;1\/4&#8243;]<div id=\"cz_22556\" data-disable-comma=\"\" data-duration=\"2000\" data-delay=\"0000\" class=\"cz_22556 cz_counter clr tac cz_2rows\"><div class=\"\"><span class=\"cz_counter_num_wrap\"><span class=\"cz_counter_num\">4<\/span><\/span><span class=\"cz_counter_after\">\u0639\u062f\u062f \u0627\u0644\u0641\u0631\u0648\u0639 \u0627\u0644\u0639\u0644\u0645\u064a\u0629<\/span><\/div><\/div><div class=\"cz_gap clr \" style=\"height: 30px\"><\/div>[\/vc_column][vc_column width=&#8221;1\/4&#8243;]<div id=\"cz_68371\" data-disable-comma=\"\" data-duration=\"2000\" data-delay=\"0000\" class=\"cz_68371 cz_counter clr tac cz_2rows\"><div class=\"\"><span class=\"cz_counter_num_wrap\"><span class=\"cz_counter_num\">1314<\/span><\/span><span class=\"cz_counter_after\">\u062e\u0631\u064a\u062c\u064a\u0646 \u0627\u0644\u062f\u0631\u0627\u0633\u0627\u062a \u0627\u0644\u0639\u0644\u064a\u0627<\/span><\/div><\/div><div class=\"cz_gap clr \" style=\"height: 30px\"><\/div>[\/vc_column][vc_column width=&#8221;1\/4&#8243;]<div id=\"cz_98304\" data-disable-comma=\"\" data-duration=\"2000\" data-delay=\"0000\" class=\"cz_98304 cz_counter clr tac cz_2rows\"><div class=\"\"><span class=\"cz_counter_num_wrap\"><span class=\"cz_counter_num\">84<\/span><\/span><span class=\"cz_counter_after\">\u0639\u062f\u062f \u0627\u0644\u0645\u0648\u0638\u0641\u064a\u0646<\/span><\/div><\/div><div class=\"cz_gap clr \" style=\"height: 30px\"><\/div>[\/vc_column][vc_column width=&#8221;1\/4&#8243;]<div id=\"cz_19325\" data-disable-comma=\"\" data-duration=\"2000\" data-delay=\"0000\" class=\"cz_19325 cz_counter clr tac cz_2rows\"><div class=\"\"><span class=\"cz_counter_num_wrap\"><span class=\"cz_counter_num\">1<\/span><\/span><span class=\"cz_counter_after\">\u0639\u062f\u062f \u0627\u0644\u0628\u0631\u0627\u0645\u062c \u0627\u0644\u062f\u0631\u0627\u0633\u064a\u0629 \u0644\u0644\u062f\u0631\u0627\u0633\u0629 \u0627\u0644\u0627\u0648\u0644\u064a\u0629<\/span><\/div><\/div><div class=\"cz_gap clr \" style=\"height: 30px\"><\/div>[\/vc_column][\/vc_row][vc_row rtl_reverse=&#8221;yes&#8221;][vc_column][vc_separator color=&#8221;black&#8221; border_width=&#8221;5&#8243;][\/vc_column][\/vc_row][vc_row rtl_reverse=&#8221;yes&#8221;][vc_column width=&#8221;1\/4&#8243;]<div id=\"cz_49612\" data-disable-comma=\"\" data-duration=\"2000\" data-delay=\"0000\" class=\"cz_49612 cz_counter clr tac cz_2rows\"><div class=\"\"><span class=\"cz_counter_num_wrap\"><span class=\"cz_counter_num\">2<\/span><\/span><span class=\"cz_counter_after\">\u0639\u062f\u062f \u0627\u0644\u0628\u0631\u0627\u0645\u062c \u0627\u0644\u062f\u0631\u0627\u0633\u064a\u0629 \u0644\u0644\u0641\u0631\u0639 \u0627\u0644\u0639\u0627\u0645<\/span><\/div><\/div><div class=\"cz_gap clr \" style=\"height: 30px\"><\/div>[\/vc_column][vc_column width=&#8221;1\/4&#8243;]<div id=\"cz_30223\" data-disable-comma=\"\" data-duration=\"2000\" data-delay=\"0000\" class=\"cz_30223 cz_counter clr tac cz_2rows\"><div class=\"\"><span class=\"cz_counter_num_wrap\"><span class=\"cz_counter_num\">2<\/span><\/span><span class=\"cz_counter_after\">\u0639\u062f\u062f \u0627\u0644\u0628\u0631\u0627\u0645\u062c \u0627\u0644\u062f\u0631\u0627\u0633\u064a\u0629 \u0644\u0644\u0641\u0631\u0639 \u0627\u0644\u062e\u0627\u0635<\/span><\/div><\/div><div class=\"cz_gap clr \" style=\"height: 30px\"><\/div>[\/vc_column][vc_column width=&#8221;1\/4&#8243;]<div id=\"cz_100757\" data-disable-comma=\"\" data-duration=\"2000\" data-delay=\"0000\" class=\"cz_100757 cz_counter clr tac cz_2rows\"><div class=\"\"><span class=\"cz_counter_num_wrap\"><span class=\"cz_counter_num\">2<\/span><\/span><span class=\"cz_counter_after\">\u0639\u062f\u062f \u0627\u0644\u0628\u0631\u0627\u0645\u062c \u0627\u0644\u062f\u0631\u0627\u0633\u064a\u0629 \u0644\u0644\u0641\u0631\u0639 \u0627\u0644\u062c\u0646\u0627\u0626\u064a<\/span><\/div><\/div><div class=\"cz_gap clr \" style=\"height: 30px\"><\/div>[\/vc_column][vc_column width=&#8221;1\/4&#8243;]<div id=\"cz_65101\" data-disable-comma=\"\" data-duration=\"2000\" data-delay=\"0000\" class=\"cz_65101 cz_counter clr tac cz_2rows\"><div class=\"\"><span class=\"cz_counter_num_wrap\"><span class=\"cz_counter_num\">2<\/span><\/span><span class=\"cz_counter_after\">\u0639\u062f\u062f \u0627\u0644\u0628\u0631\u0627\u0645\u062c \u0627\u0644\u062f\u0631\u0627\u0633\u064a\u0629 \u0644\u0644\u0641\u0631\u0639 \u0627\u0644\u062f\u0648\u0644\u064a<\/span><\/div><\/div><div class=\"cz_gap clr \" style=\"height: 30px\"><\/div>[\/vc_column][\/vc_row][vc_row rtl_reverse=&#8221;yes&#8221;][vc_column][vc_separator color=&#8221;black&#8221; border_width=&#8221;5&#8243;][\/vc_column][\/vc_row][vc_row rtl_reverse=&#8221;yes&#8221;][vc_column width=&#8221;1\/5&#8243;]<div id=\"cz_102638\" data-disable-comma=\"\" data-duration=\"2000\" data-delay=\"0000\" class=\"cz_102638 cz_counter clr tac cz_2rows\"><div class=\"\"><span class=\"cz_counter_num_wrap\"><span class=\"cz_counter_num\">301<\/span><\/span><span class=\"cz_counter_after\">\u0639\u062f\u062f \u0637\u0644\u0628\u0629 \u0627\u0644\u062f\u0631\u0627\u0633\u0627\u062a \u0627\u0644\u0639\u0644\u064a\u0627 \u0627\u0644\u0643\u0644\u064a<\/span><\/div><\/div><div class=\"cz_gap clr \" style=\"height: 30px\"><\/div>[\/vc_column][vc_column width=&#8221;1\/5&#8243;]<div id=\"cz_77974\" data-disable-comma=\"\" data-duration=\"2000\" data-delay=\"0000\" class=\"cz_77974 cz_counter clr tac cz_2rows\"><div class=\"\"><span class=\"cz_counter_num_wrap\"><span class=\"cz_counter_num\">90<\/span><\/span><span class=\"cz_counter_after\">\u0639\u062f\u062f \u0637\u0644\u0628\u0629 \u0627\u0644\u062f\u0631\u0627\u0633\u0627\u062a \u0627\u0644\u0639\u0644\u064a\u0627 \u0641\u064a \u0627\u0644\u0641\u0631\u0639 \u0627\u0644\u0639\u0627\u0645<\/span><\/div><\/div><div class=\"cz_gap clr \" style=\"height: 30px\"><\/div>[\/vc_column][vc_column width=&#8221;1\/5&#8243;]<div id=\"cz_80419\" data-disable-comma=\"\" data-duration=\"2000\" data-delay=\"0000\" class=\"cz_80419 cz_counter clr tac cz_2rows\"><div class=\"\"><span class=\"cz_counter_num_wrap\"><span class=\"cz_counter_num\">100<\/span><\/span><span class=\"cz_counter_after\">\u0639\u062f\u062f \u0637\u0644\u0628\u0629 \u0627\u0644\u062f\u0631\u0627\u0633\u0627\u062a \u0627\u0644\u0639\u0644\u064a\u0627 \u0641\u064a \u0627\u0644\u0641\u0631\u0639 \u0627\u0644\u062e\u0627\u0635<\/span><\/div><\/div><div class=\"cz_gap clr \" style=\"height: 30px\"><\/div>[\/vc_column][vc_column width=&#8221;1\/5&#8243;]<div id=\"cz_84229\" data-disable-comma=\"\" data-duration=\"2000\" data-delay=\"0000\" class=\"cz_84229 cz_counter clr tac cz_2rows\"><div class=\"\"><span class=\"cz_counter_num_wrap\"><span class=\"cz_counter_num\">62<\/span><\/span><span class=\"cz_counter_after\">\u0639\u062f\u062f \u0637\u0644\u0628\u0629 \u0627\u0644\u062f\u0631\u0627\u0633\u0627\u062a \u0627\u0644\u0639\u0644\u064a\u0627 \u0641\u064a \u0627\u0644\u0641\u0631\u0639 \u0627\u0644\u062c\u0646\u0627\u0626\u064a<\/span><\/div><\/div><div class=\"cz_gap clr \" style=\"height: 30px\"><\/div>[\/vc_column][vc_column width=&#8221;1\/5&#8243;]<div id=\"cz_107424\" data-disable-comma=\"\" data-duration=\"2000\" data-delay=\"0000\" class=\"cz_107424 cz_counter clr tac cz_2rows\"><div class=\"\"><span class=\"cz_counter_num_wrap\"><span class=\"cz_counter_num\">49<\/span><\/span><span class=\"cz_counter_after\">\u0639\u062f\u062f \u0637\u0644\u0628\u0629 \u0627\u0644\u062f\u0631\u0627\u0633\u0627\u062a \u0627\u0644\u0639\u0644\u064a\u0627 \u0641\u064a \u0627\u0644\u0641\u0631\u0639 \u0627\u0644\u062f\u0648\u0644\u064a<\/span><\/div><\/div><div class=\"cz_gap clr \" style=\"height: 30px\"><\/div>[\/vc_column][\/vc_row]<\/p>\n<p>[vc_row][vc_column width=&#8221;1\/6&#8243;]<div id=\"cz_81541\" data-disable-comma=\"\" data-duration=\"3000\" data-delay=\"0000\" class=\"cz_81541 cz_counter clr tac cz_2rows\"><div class=\"\"><span class=\"cz_counter_num_wrap\"><span class=\"cz_counter_num\">57<\/span><\/span><span class=\"cz_counter_after\">Professeurs<\/span><\/div><\/div>[\/vc_column][vc_column width=&#8221;1\/6&#8243;]<div id=\"cz_63955\" data-disable-comma=\"\" data-duration=\"3000\" data-delay=\"0000\" class=\"cz_63955 cz_counter clr tac cz_2rows\"><div class=\"\"><span class=\"cz_counter_num_wrap\"><span class=\"cz_counter_num\">71<\/span><\/span><span class=\"cz_counter_after\">Employ\u00e9s<\/span><\/div><\/div>[\/vc_column][vc_column width=&#8221;1\/6&#8243;]<div id=\"cz_72501\" data-disable-comma=\"\" data-duration=\"3000\" data-delay=\"0000\" class=\"cz_72501 cz_counter clr tac cz_2rows\"><div class=\"\"><span class=\"cz_counter_num_wrap\"><span class=\"cz_counter_num\">658<\/span><\/span><span class=\"cz_counter_after\">Recherche<\/span><\/div><\/div>[\/vc_column][vc_column width=&#8221;1\/6&#8243;]<div id=\"cz_87381\" data-disable-comma=\"\" data-duration=\"3000\" data-delay=\"0000\" class=\"cz_87381 cz_counter clr tac cz_2rows\"><div class=\"\"><span class=\"cz_counter_num_wrap\"><span class=\"cz_counter_num\">215<\/span><\/span><span class=\"cz_counter_after\">Livres<\/span><\/div><\/div>[\/vc_column][vc_column width=&#8221;1\/6&#8243;]<div id=\"cz_54417\" data-disable-comma=\"\" data-duration=\"3000\" data-delay=\"0000\" class=\"cz_54417 cz_counter clr tac cz_2rows\"><div class=\"\"><span class=\"cz_counter_num_wrap\"><span class=\"cz_counter_num\">1349<\/span><\/span><span class=\"cz_counter_after\">Dipl\u00f4m\u00e9s de troisi\u00e8me cycle<\/span><\/div><\/div>[\/vc_column][vc_column width=&#8221;1\/6&#8243;]<div id=\"cz_25696\" data-disable-comma=\"\" data-duration=\"3000\" data-delay=\"0000\" class=\"cz_25696 cz_counter clr tac cz_2rows\"><div class=\"\"><span class=\"cz_counter_num_wrap\"><span class=\"cz_counter_num\">32304<\/span><\/span><span class=\"cz_counter_after\">Etudiants dipl\u00f4m\u00e9s<\/span><\/div><\/div>[\/vc_column][\/vc_row]<\/p>\n<\/div>","protected":false},"excerpt":{"rendered":"<p>[vc_row rtl_reverse=&#8221;yes&#8221;][vc_column width=&#8221;1\/4&#8243;][\/vc_column][vc_column width=&#8221;1\/4&#8243;][\/vc_column][vc_column width=&#8221;1\/4&#8243;][\/vc_column][vc_column width=&#8221;1\/4&#8243;][\/vc_column][\/vc_row][vc_row rtl_reverse=&#8221;yes&#8221;][vc_column][vc_separator color=&#8221;black&#8221; border_width=&#8221;5&#8243;][\/vc_column][\/vc_row][vc_row rtl_reverse=&#8221;yes&#8221;][vc_column width=&#8221;1\/4&#8243;][\/vc_column][vc_column &#8230; <\/p>\n","protected":false},"author":18,"featured_media":0,"parent":0,"menu_order":0,"comment_status":"closed","ping_status":"closed","template":"","meta":{"_lmt_disableupdate":"no","_lmt_disable":"","footnotes":""},"class_list":["post-370","page","type-page","status-publish","hentry"],"yoast_head":"<!-- This site is optimized with the Yoast SEO plugin v25.8 - https:\/\/yoast.com\/wordpress\/plugins\/seo\/ -->\n<title>Notre Facult\u00e9 en chiffres - Facult\u00e9 de droit<\/title>\n<meta name=\"robots\" content=\"index, follow, max-snippet:-1, max-image-preview:large, max-video-preview:-1\" \/>\n<link rel=\"canonical\" href=\"https:\/\/fr.colaw.uobaghdad.edu.iq\/?page_id=370\" \/>\n<meta property=\"og:locale\" content=\"en_US\" \/>\n<meta property=\"og:type\" content=\"article\" \/>\n<meta property=\"og:title\" content=\"Notre Facult\u00e9 en chiffres - Facult\u00e9 de droit\" \/>\n<meta property=\"og:description\" content=\"[vc_row rtl_reverse=&#8221;yes&#8221;][vc_column width=&#8221;1\/4&#8243;][\/vc_column][vc_column width=&#8221;1\/4&#8243;][\/vc_column][vc_column width=&#8221;1\/4&#8243;][\/vc_column][vc_column width=&#8221;1\/4&#8243;][\/vc_column][\/vc_row][vc_row rtl_reverse=&#8221;yes&#8221;][vc_column][vc_separator color=&#8221;black&#8221; border_width=&#8221;5&#8243;][\/vc_column][\/vc_row][vc_row rtl_reverse=&#8221;yes&#8221;][vc_column width=&#8221;1\/4&#8243;][\/vc_column][vc_column ...\" \/>\n<meta property=\"og:url\" content=\"https:\/\/fr.colaw.uobaghdad.edu.iq\/?page_id=370\" \/>\n<meta property=\"og:site_name\" content=\"Facult\u00e9 de droit\" \/>\n<meta property=\"article:publisher\" content=\"https:\/\/www.facebook.com\/people\/---\/100076342836611\/\" \/>\n<meta property=\"article:modified_time\" content=\"2026-02-12T09:08:53+00:00\" \/>\n<meta name=\"twitter:card\" content=\"summary_large_image\" \/>\n<meta name=\"twitter:label1\" content=\"Est. reading time\" \/>\n\t<meta name=\"twitter:data1\" content=\"2 minutes\" \/>\n<script type=\"application\/ld+json\" class=\"yoast-schema-graph\">{\"@context\":\"https:\/\/schema.org\",\"@graph\":[{\"@type\":\"WebPage\",\"@id\":\"https:\/\/fr.colaw.uobaghdad.edu.iq\/?page_id=370\",\"url\":\"https:\/\/fr.colaw.uobaghdad.edu.iq\/?page_id=370\",\"name\":\"Notre Facult\u00e9 en chiffres - Facult\u00e9 de droit\",\"isPartOf\":{\"@id\":\"https:\/\/fr.colaw.uobaghdad.edu.iq\/#website\"},\"datePublished\":\"2023-06-06T08:50:29+00:00\",\"dateModified\":\"2026-02-12T09:08:53+00:00\",\"breadcrumb\":{\"@id\":\"https:\/\/fr.colaw.uobaghdad.edu.iq\/?page_id=370#breadcrumb\"},\"inLanguage\":\"en-US\",\"potentialAction\":[{\"@type\":\"ReadAction\",\"target\":[\"https:\/\/fr.colaw.uobaghdad.edu.iq\/?page_id=370\"]}]},{\"@type\":\"BreadcrumbList\",\"@id\":\"https:\/\/fr.colaw.uobaghdad.edu.iq\/?page_id=370#breadcrumb\",\"itemListElement\":[{\"@type\":\"ListItem\",\"position\":1,\"name\":\"Home\",\"item\":\"https:\/\/fr.colaw.uobaghdad.edu.iq\/\"},{\"@type\":\"ListItem\",\"position\":2,\"name\":\"Notre Facult\u00e9 en chiffres\"}]},{\"@type\":\"WebSite\",\"@id\":\"https:\/\/fr.colaw.uobaghdad.edu.iq\/#website\",\"url\":\"https:\/\/fr.colaw.uobaghdad.edu.iq\/\",\"name\":\"Facult\u00e9 de droit\",\"description\":\"Universit\u00e9 de Bagdad\",\"publisher\":{\"@id\":\"https:\/\/fr.colaw.uobaghdad.edu.iq\/#organization\"},\"potentialAction\":[{\"@type\":\"SearchAction\",\"target\":{\"@type\":\"EntryPoint\",\"urlTemplate\":\"https:\/\/fr.colaw.uobaghdad.edu.iq\/?s={search_term_string}\"},\"query-input\":{\"@type\":\"PropertyValueSpecification\",\"valueRequired\":true,\"valueName\":\"search_term_string\"}}],\"inLanguage\":\"en-US\"},{\"@type\":\"Organization\",\"@id\":\"https:\/\/fr.colaw.uobaghdad.edu.iq\/#organization\",\"name\":\"Facult\u00e9 de droit\",\"url\":\"https:\/\/fr.colaw.uobaghdad.edu.iq\/\",\"logo\":{\"@type\":\"ImageObject\",\"inLanguage\":\"en-US\",\"@id\":\"https:\/\/fr.colaw.uobaghdad.edu.iq\/#\/schema\/logo\/image\/\",\"url\":\"https:\/\/fr.colaw.uobaghdad.edu.iq\/wp-content\/uploads\/sites\/102\/2024\/05\/WhatsApp-Image-2022-06-10-at-9.png\",\"contentUrl\":\"https:\/\/fr.colaw.uobaghdad.edu.iq\/wp-content\/uploads\/sites\/102\/2024\/05\/WhatsApp-Image-2022-06-10-at-9.png\",\"width\":874,\"height\":874,\"caption\":\"Facult\u00e9 de droit\"},\"image\":{\"@id\":\"https:\/\/fr.colaw.uobaghdad.edu.iq\/#\/schema\/logo\/image\/\"},\"sameAs\":[\"https:\/\/www.facebook.com\/people\/---\/100076342836611\/\",\"https:\/\/www.instagram.com\/baghdadlaw1908\/\",\"https:\/\/www.youtube.com\/@user-zq8ok2ib8f\/featured\",\"https:\/\/www.linkedin.com\/company\/---\/\"]}]}<\/script>\n<!-- \/ Yoast SEO plugin. -->","yoast_head_json":{"title":"Notre Facult\u00e9 en chiffres - Facult\u00e9 de droit","robots":{"index":"index","follow":"follow","max-snippet":"max-snippet:-1","max-image-preview":"max-image-preview:large","max-video-preview":"max-video-preview:-1"},"canonical":"https:\/\/fr.colaw.uobaghdad.edu.iq\/?page_id=370","og_locale":"en_US","og_type":"article","og_title":"Notre Facult\u00e9 en chiffres - Facult\u00e9 de droit","og_description":"[vc_row rtl_reverse=&#8221;yes&#8221;][vc_column width=&#8221;1\/4&#8243;][\/vc_column][vc_column width=&#8221;1\/4&#8243;][\/vc_column][vc_column width=&#8221;1\/4&#8243;][\/vc_column][vc_column width=&#8221;1\/4&#8243;][\/vc_column][\/vc_row][vc_row rtl_reverse=&#8221;yes&#8221;][vc_column][vc_separator color=&#8221;black&#8221; border_width=&#8221;5&#8243;][\/vc_column][\/vc_row][vc_row rtl_reverse=&#8221;yes&#8221;][vc_column width=&#8221;1\/4&#8243;][\/vc_column][vc_column ...","og_url":"https:\/\/fr.colaw.uobaghdad.edu.iq\/?page_id=370","og_site_name":"Facult\u00e9 de droit","article_publisher":"https:\/\/www.facebook.com\/people\/---\/100076342836611\/","article_modified_time":"2026-02-12T09:08:53+00:00","twitter_card":"summary_large_image","twitter_misc":{"Est. reading time":"2 minutes"},"schema":{"@context":"https:\/\/schema.org","@graph":[{"@type":"WebPage","@id":"https:\/\/fr.colaw.uobaghdad.edu.iq\/?page_id=370","url":"https:\/\/fr.colaw.uobaghdad.edu.iq\/?page_id=370","name":"Notre Facult\u00e9 en chiffres - Facult\u00e9 de droit","isPartOf":{"@id":"https:\/\/fr.colaw.uobaghdad.edu.iq\/#website"},"datePublished":"2023-06-06T08:50:29+00:00","dateModified":"2026-02-12T09:08:53+00:00","breadcrumb":{"@id":"https:\/\/fr.colaw.uobaghdad.edu.iq\/?page_id=370#breadcrumb"},"inLanguage":"en-US","potentialAction":[{"@type":"ReadAction","target":["https:\/\/fr.colaw.uobaghdad.edu.iq\/?page_id=370"]}]},{"@type":"BreadcrumbList","@id":"https:\/\/fr.colaw.uobaghdad.edu.iq\/?page_id=370#breadcrumb","itemListElement":[{"@type":"ListItem","position":1,"name":"Home","item":"https:\/\/fr.colaw.uobaghdad.edu.iq\/"},{"@type":"ListItem","position":2,"name":"Notre Facult\u00e9 en chiffres"}]},{"@type":"WebSite","@id":"https:\/\/fr.colaw.uobaghdad.edu.iq\/#website","url":"https:\/\/fr.colaw.uobaghdad.edu.iq\/","name":"Facult\u00e9 de droit","description":"Universit\u00e9 de Bagdad","publisher":{"@id":"https:\/\/fr.colaw.uobaghdad.edu.iq\/#organization"},"potentialAction":[{"@type":"SearchAction","target":{"@type":"EntryPoint","urlTemplate":"https:\/\/fr.colaw.uobaghdad.edu.iq\/?s={search_term_string}"},"query-input":{"@type":"PropertyValueSpecification","valueRequired":true,"valueName":"search_term_string"}}],"inLanguage":"en-US"},{"@type":"Organization","@id":"https:\/\/fr.colaw.uobaghdad.edu.iq\/#organization","name":"Facult\u00e9 de droit","url":"https:\/\/fr.colaw.uobaghdad.edu.iq\/","logo":{"@type":"ImageObject","inLanguage":"en-US","@id":"https:\/\/fr.colaw.uobaghdad.edu.iq\/#\/schema\/logo\/image\/","url":"https:\/\/fr.colaw.uobaghdad.edu.iq\/wp-content\/uploads\/sites\/102\/2024\/05\/WhatsApp-Image-2022-06-10-at-9.png","contentUrl":"https:\/\/fr.colaw.uobaghdad.edu.iq\/wp-content\/uploads\/sites\/102\/2024\/05\/WhatsApp-Image-2022-06-10-at-9.png","width":874,"height":874,"caption":"Facult\u00e9 de droit"},"image":{"@id":"https:\/\/fr.colaw.uobaghdad.edu.iq\/#\/schema\/logo\/image\/"},"sameAs":["https:\/\/www.facebook.com\/people\/---\/100076342836611\/","https:\/\/www.instagram.com\/baghdadlaw1908\/","https:\/\/www.youtube.com\/@user-zq8ok2ib8f\/featured","https:\/\/www.linkedin.com\/company\/---\/"]}]}},"_links":{"self":[{"href":"https:\/\/fr.colaw.uobaghdad.edu.iq\/index.php?rest_route=\/wp\/v2\/pages\/370","targetHints":{"allow":["GET"]}}],"collection":[{"href":"https:\/\/fr.colaw.uobaghdad.edu.iq\/index.php?rest_route=\/wp\/v2\/pages"}],"about":[{"href":"https:\/\/fr.colaw.uobaghdad.edu.iq\/index.php?rest_route=\/wp\/v2\/types\/page"}],"author":[{"embeddable":true,"href":"https:\/\/fr.colaw.uobaghdad.edu.iq\/index.php?rest_route=\/wp\/v2\/users\/18"}],"replies":[{"embeddable":true,"href":"https:\/\/fr.colaw.uobaghdad.edu.iq\/index.php?rest_route=%2Fwp%2Fv2%2Fcomments&post=370"}],"version-history":[{"count":1,"href":"https:\/\/fr.colaw.uobaghdad.edu.iq\/index.php?rest_route=\/wp\/v2\/pages\/370\/revisions"}],"predecessor-version":[{"id":5404,"href":"https:\/\/fr.colaw.uobaghdad.edu.iq\/index.php?rest_route=\/wp\/v2\/pages\/370\/revisions\/5404"}],"wp:attachment":[{"href":"https:\/\/fr.colaw.uobaghdad.edu.iq\/index.php?rest_route=%2Fwp%2Fv2%2Fmedia&parent=370"}],"curies":[{"name":"wp","href":"https:\/\/api.w.org\/{rel}","templated":true}]}}